{"id":15,"date":"2023-05-19T17:31:37","date_gmt":"2023-05-19T20:31:37","guid":{"rendered":"https:\/\/new.vdgtech.com.br\/?page_id=15"},"modified":"2023-05-20T13:22:36","modified_gmt":"2023-05-20T16:22:36","slug":"home","status":"publish","type":"page","link":"https:\/\/new.vdgtech.com.br\/","title":{"rendered":"In\u00edcio"},"content":{"rendered":"\n<div class=\"wp-block-columns container is-layout-flex wp-container-3\">\n<div class=\"wp-block-column col-md-5 is-layout-flow\">\n<div style=\"height:55px\" aria-hidden=\"true\" class=\"wp-block-spacer\"><\/div>\n\n\n\n<p><br>Os servi\u00e7os realizados em bobinas de resson\u00e2ncia magn\u00e9tica s\u00e3o cr\u00edticos para garantir o funcionamento adequado do equipamento e a qualidade das imagens produzidas. Isso inclui a manuten\u00e7\u00e3o regular, reparos e calibra\u00e7\u00e3o, al\u00e9m da substitui\u00e7\u00e3o de componentes quando necess\u00e1rio.<\/p>\n<\/div>\n\n\n\n<div class=\"wp-block-column col-md-6 col-md-offset1 is-layout-flow\">\n<div style=\"height:55px\" aria-hidden=\"true\" class=\"wp-block-spacer\"><\/div>\n\n\n\n<figure class=\"wp-block-image size-large\"><img decoding=\"async\" loading=\"lazy\" width=\"1024\" height=\"682\" src=\"http:\/\/new.vdgtech.com.br\/wp-content\/uploads\/2023\/05\/IMG-20230519-WA0037-1024x682.jpg\" alt=\"\" class=\"wp-image-52\" srcset=\"https:\/\/new.vdgtech.com.br\/wp-content\/uploads\/2023\/05\/IMG-20230519-WA0037-1024x682.jpg 1024w, https:\/\/new.vdgtech.com.br\/wp-content\/uploads\/2023\/05\/IMG-20230519-WA0037-300x200.jpg 300w, https:\/\/new.vdgtech.com.br\/wp-content\/uploads\/2023\/05\/IMG-20230519-WA0037-768x512.jpg 768w, https:\/\/new.vdgtech.com.br\/wp-content\/uploads\/2023\/05\/IMG-20230519-WA0037-1536x1023.jpg 1536w, https:\/\/new.vdgtech.com.br\/wp-content\/uploads\/2023\/05\/IMG-20230519-WA0037-360x240.jpg 360w, https:\/\/new.vdgtech.com.br\/wp-content\/uploads\/2023\/05\/IMG-20230519-WA0037.jpg 1600w\" sizes=\"(max-width: 1024px) 100vw, 1024px\" \/><\/figure>\n\n\n\n<p><\/p>\n<\/div>\n<\/div>\n\n\n\n<div class=\"wp-block-columns is-layout-flex wp-container-6\">\n<div class=\"wp-block-column is-layout-flow\">\n<figure class=\"wp-block-image size-large\"><img decoding=\"async\" loading=\"lazy\" width=\"1024\" height=\"682\" src=\"http:\/\/new.vdgtech.com.br\/wp-content\/uploads\/2023\/05\/Imagem-do-WhatsApp-de-2023-05-19-as-16.41.26-1024x682.jpg\" alt=\"\" class=\"wp-image-48\" srcset=\"https:\/\/new.vdgtech.com.br\/wp-content\/uploads\/2023\/05\/Imagem-do-WhatsApp-de-2023-05-19-as-16.41.26-1024x682.jpg 1024w, https:\/\/new.vdgtech.com.br\/wp-content\/uploads\/2023\/05\/Imagem-do-WhatsApp-de-2023-05-19-as-16.41.26-300x200.jpg 300w, https:\/\/new.vdgtech.com.br\/wp-content\/uploads\/2023\/05\/Imagem-do-WhatsApp-de-2023-05-19-as-16.41.26-768x512.jpg 768w, https:\/\/new.vdgtech.com.br\/wp-content\/uploads\/2023\/05\/Imagem-do-WhatsApp-de-2023-05-19-as-16.41.26-1536x1023.jpg 1536w, https:\/\/new.vdgtech.com.br\/wp-content\/uploads\/2023\/05\/Imagem-do-WhatsApp-de-2023-05-19-as-16.41.26-360x240.jpg 360w, https:\/\/new.vdgtech.com.br\/wp-content\/uploads\/2023\/05\/Imagem-do-WhatsApp-de-2023-05-19-as-16.41.26.jpg 1600w\" sizes=\"(max-width: 1024px) 100vw, 1024px\" \/><\/figure>\n<\/div>\n\n\n\n<div class=\"wp-block-column is-layout-flow\">\n<p>A manuten\u00e7\u00e3o regular inclui a limpeza e inspe\u00e7\u00e3o das bobinas para garantir que estejam livres de poeira, detritos e outras impurezas que possam afetar a qualidade da imagem. Al\u00e9m disso, os t\u00e9cnicos tamb\u00e9m verificam a integridade f\u00edsica das bobinas, verificando se h\u00e1 rachaduras ou outros danos que possam comprometer o funcionamento adequado.<\/p>\n<\/div>\n<\/div>\n\n\n\n<div class=\"wp-block-columns is-layout-flex wp-container-9\">\n<div class=\"wp-block-column is-layout-flow\">\n<p>Os reparos s\u00e3o frequentemente necess\u00e1rios quando as bobinas sofrem danos, como por exemplo, quando caem ou s\u00e3o submetidas a uma carga excessiva. Em tais casos, os t\u00e9cnicos podem reparar a bobina ou substituir componentes danificados, como cabos, conectores ou at\u00e9 mesmo m\u00f3dulos amplificadores.<\/p>\n<\/div>\n\n\n\n<div class=\"wp-block-column is-layout-flow\">\n<figure class=\"wp-block-image size-large\"><img decoding=\"async\" loading=\"lazy\" width=\"1024\" height=\"682\" src=\"http:\/\/new.vdgtech.com.br\/wp-content\/uploads\/2023\/05\/IMG-20230519-WA0045-1024x682.jpg\" alt=\"\" class=\"wp-image-60\" srcset=\"https:\/\/new.vdgtech.com.br\/wp-content\/uploads\/2023\/05\/IMG-20230519-WA0045-1024x682.jpg 1024w, https:\/\/new.vdgtech.com.br\/wp-content\/uploads\/2023\/05\/IMG-20230519-WA0045-300x200.jpg 300w, https:\/\/new.vdgtech.com.br\/wp-content\/uploads\/2023\/05\/IMG-20230519-WA0045-768x512.jpg 768w, https:\/\/new.vdgtech.com.br\/wp-content\/uploads\/2023\/05\/IMG-20230519-WA0045-1536x1023.jpg 1536w, https:\/\/new.vdgtech.com.br\/wp-content\/uploads\/2023\/05\/IMG-20230519-WA0045-360x240.jpg 360w, https:\/\/new.vdgtech.com.br\/wp-content\/uploads\/2023\/05\/IMG-20230519-WA0045.jpg 1600w\" sizes=\"(max-width: 1024px) 100vw, 1024px\" \/><\/figure>\n<\/div>\n<\/div>\n\n\n\n<div class=\"wp-block-columns is-layout-flex wp-container-14\">\n<div class=\"wp-block-column is-layout-flow\">\n<figure class=\"wp-block-gallery has-nested-images columns-default is-cropped wp-block-gallery-10 is-layout-flex\">\n<figure class=\"wp-block-image size-large\"><img decoding=\"async\" loading=\"lazy\" width=\"1024\" height=\"682\" src=\"https:\/\/new.vdgtech.com.br\/wp-content\/uploads\/2023\/05\/IMG-20230519-WA0043-1024x682.jpg\" alt=\"\" class=\"wp-image-58\" srcset=\"https:\/\/new.vdgtech.com.br\/wp-content\/uploads\/2023\/05\/IMG-20230519-WA0043-1024x682.jpg 1024w, https:\/\/new.vdgtech.com.br\/wp-content\/uploads\/2023\/05\/IMG-20230519-WA0043-300x200.jpg 300w, https:\/\/new.vdgtech.com.br\/wp-content\/uploads\/2023\/05\/IMG-20230519-WA0043-768x512.jpg 768w, https:\/\/new.vdgtech.com.br\/wp-content\/uploads\/2023\/05\/IMG-20230519-WA0043-1536x1023.jpg 1536w, https:\/\/new.vdgtech.com.br\/wp-content\/uploads\/2023\/05\/IMG-20230519-WA0043-360x240.jpg 360w, https:\/\/new.vdgtech.com.br\/wp-content\/uploads\/2023\/05\/IMG-20230519-WA0043.jpg 1600w\" sizes=\"(max-width: 1024px) 100vw, 1024px\" \/><\/figure>\n<\/figure>\n<\/div>\n\n\n\n<div class=\"wp-block-column is-layout-flow\">\n<p>A calibra\u00e7\u00e3o \u00e9 um processo cr\u00edtico para garantir que as bobinas de resson\u00e2ncia magn\u00e9tica estejam funcionando corretamente e produzindo imagens precisas. Durante a calibra\u00e7\u00e3o, os t\u00e9cnicos verificam a precis\u00e3o das leituras da bobina e fazem ajustes, se necess\u00e1rio, para garantir que as imagens sejam capturadas corretamente.<\/p>\n<\/div>\n<\/div>\n\n\n\n<div class=\"wp-block-columns is-layout-flex wp-container-17\">\n<div class=\"wp-block-column is-layout-flow\">\n<p>A substitui\u00e7\u00e3o de componentes \u00e9 necess\u00e1ria quando as bobinas sofrem desgaste ou danos que n\u00e3o podem ser reparados. Isso pode incluir a substitui\u00e7\u00e3o de cabos, conectores, preamp\u00b4s e outras pe\u00e7as, dependendo do tipo de bobina e do problema que est\u00e1 sendo resolvido.<\/p>\n<\/div>\n\n\n\n<div class=\"wp-block-column is-layout-flow\">\n<figure class=\"wp-block-image size-large\"><img decoding=\"async\" loading=\"lazy\" width=\"1024\" height=\"682\" src=\"http:\/\/new.vdgtech.com.br\/wp-content\/uploads\/2023\/05\/IMG-20230519-WA0042-1024x682.jpg\" alt=\"\" class=\"wp-image-57\" srcset=\"https:\/\/new.vdgtech.com.br\/wp-content\/uploads\/2023\/05\/IMG-20230519-WA0042-1024x682.jpg 1024w, https:\/\/new.vdgtech.com.br\/wp-content\/uploads\/2023\/05\/IMG-20230519-WA0042-300x200.jpg 300w, https:\/\/new.vdgtech.com.br\/wp-content\/uploads\/2023\/05\/IMG-20230519-WA0042-768x512.jpg 768w, https:\/\/new.vdgtech.com.br\/wp-content\/uploads\/2023\/05\/IMG-20230519-WA0042-1536x1023.jpg 1536w, https:\/\/new.vdgtech.com.br\/wp-content\/uploads\/2023\/05\/IMG-20230519-WA0042-360x240.jpg 360w, https:\/\/new.vdgtech.com.br\/wp-content\/uploads\/2023\/05\/IMG-20230519-WA0042.jpg 1600w\" sizes=\"(max-width: 1024px) 100vw, 1024px\" \/><\/figure>\n<\/div>\n<\/div>\n\n\n\n<div class=\"wp-block-columns is-layout-flex wp-container-20\">\n<div class=\"wp-block-column is-layout-flow\">\n<figure class=\"wp-block-image size-large\"><img decoding=\"async\" loading=\"lazy\" width=\"1024\" height=\"682\" src=\"http:\/\/new.vdgtech.com.br\/wp-content\/uploads\/2023\/05\/IMG-20230519-WA0041-1024x682.jpg\" alt=\"\" class=\"wp-image-56\" srcset=\"https:\/\/new.vdgtech.com.br\/wp-content\/uploads\/2023\/05\/IMG-20230519-WA0041-1024x682.jpg 1024w, https:\/\/new.vdgtech.com.br\/wp-content\/uploads\/2023\/05\/IMG-20230519-WA0041-300x200.jpg 300w, https:\/\/new.vdgtech.com.br\/wp-content\/uploads\/2023\/05\/IMG-20230519-WA0041-768x512.jpg 768w, https:\/\/new.vdgtech.com.br\/wp-content\/uploads\/2023\/05\/IMG-20230519-WA0041-1536x1023.jpg 1536w, https:\/\/new.vdgtech.com.br\/wp-content\/uploads\/2023\/05\/IMG-20230519-WA0041-360x240.jpg 360w, https:\/\/new.vdgtech.com.br\/wp-content\/uploads\/2023\/05\/IMG-20230519-WA0041.jpg 1600w\" sizes=\"(max-width: 1024px) 100vw, 1024px\" \/><\/figure>\n<\/div>\n\n\n\n<div class=\"wp-block-column is-layout-flow\">\n<p>Em resumo, os servi\u00e7os realizados em bobinas de resson\u00e2ncia magn\u00e9tica s\u00e3o essenciais para garantir que o equipamento esteja funcionando corretamente e produzindo imagens precisas. Isso inclui manuten\u00e7\u00e3o regular, reparos, calibra\u00e7\u00e3o e substitui\u00e7\u00e3o de componentes quando necess\u00e1rio. Apenas t\u00e9cnicos altamente treinados e experientes devem realizar esses servi\u00e7os para garantir a seguran\u00e7a e a qualidade do equipamento de resson\u00e2ncia magn\u00e9tica.<\/p>\n<\/div>\n<\/div>\n","protected":false},"excerpt":{"rendered":"<p>Os servi\u00e7os realizados em bobinas de resson\u00e2ncia magn\u00e9tica s\u00e3o cr\u00edticos para garantir o funcionamento adequado do equipamento e a qualidade das imagens produzidas. Isso inclui a manuten\u00e7\u00e3o regular, reparos e calibra\u00e7\u00e3o, al\u00e9m da substitui\u00e7\u00e3o de componentes quando necess\u00e1rio. A manuten\u00e7\u00e3o regular inclui a limpeza e inspe\u00e7\u00e3o das bobinas para garantir [&hellip;]<\/p>\n","protected":false},"author":1,"featured_media":41,"parent":0,"menu_order":0,"comment_status":"closed","ping_status":"closed","template":"","meta":{"_mi_skip_tracking":false,"_joinchat":[]},"aioseo_notices":[],"_links":{"self":[{"href":"https:\/\/new.vdgtech.com.br\/index.php\/wp-json\/wp\/v2\/pages\/15"}],"collection":[{"href":"https:\/\/new.vdgtech.com.br\/index.php\/wp-json\/wp\/v2\/pages"}],"about":[{"href":"https:\/\/new.vdgtech.com.br\/index.php\/wp-json\/wp\/v2\/types\/page"}],"author":[{"embeddable":true,"href":"https:\/\/new.vdgtech.com.br\/index.php\/wp-json\/wp\/v2\/users\/1"}],"replies":[{"embeddable":true,"href":"https:\/\/new.vdgtech.com.br\/index.php\/wp-json\/wp\/v2\/comments?post=15"}],"version-history":[{"count":16,"href":"https:\/\/new.vdgtech.com.br\/index.php\/wp-json\/wp\/v2\/pages\/15\/revisions"}],"predecessor-version":[{"id":122,"href":"https:\/\/new.vdgtech.com.br\/index.php\/wp-json\/wp\/v2\/pages\/15\/revisions\/122"}],"wp:featuredmedia":[{"embeddable":true,"href":"https:\/\/new.vdgtech.com.br\/index.php\/wp-json\/wp\/v2\/media\/41"}],"wp:attachment":[{"href":"https:\/\/new.vdgtech.com.br\/index.php\/wp-json\/wp\/v2\/media?parent=15"}],"curies":[{"name":"wp","href":"https:\/\/api.w.org\/{rel}","templated":true}]}}